{"id":367,"date":"2014-07-21T15:59:54","date_gmt":"2014-07-21T15:59:54","guid":{"rendered":"http:\/\/192.168.1.104\/restaurant-op\/?page_id=367"},"modified":"2020-05-22T09:36:21","modified_gmt":"2020-05-22T09:36:21","slug":"frontpage","status":"publish","type":"page","link":"https:\/\/keinevent.at\/","title":{"rendered":"Frontpage"},"content":{"rendered":"<div   class='avia-fullscreen-slider main_color av-mini-hide  avia-builder-el-0  el_before_av_headline_rotator  avia-builder-el-first  container_wrap sidebar_right'  >\n<style type=\"text\/css\" data-created_by=\"avia_inline_auto\" id=\"style-css-av-k9xalm6b-09883eec12100676bd6976a1bcd41755\">\n#top #wrap_all .avia-slideshow .av-slideshow-caption.av-k9xalm6b-09883eec12100676bd6976a1bcd41755__0 .avia-caption-title{\ncolor:#000000;\n}\n#top .avia-slideshow .av-slideshow-caption.av-k9xalm6b-09883eec12100676bd6976a1bcd41755__0 .avia-caption-content{\ncolor:#000000;\n}\n<\/style>\n<a href='#next-section' title='' class='scroll-down-link av-control-hidden' aria-hidden='true' data-av_icon='\ue877' data-av_iconfont='entypo-fontello'><\/a><div  class='avia-slideshow av-k9xalm6b-09883eec12100676bd6976a1bcd41755 av-control-hidden avia-slideshow-extra_large av_fullscreen avia-slide-slider av-mini-hide av-slider-scroll-down-active av-default-height-applied   avia-slideshow-1'  data-size='extra_large'  data-lightbox_size='large'  data-animation='slide'  data-conditional_play=''  data-ids='576'  data-video_counter='0'  data-autoplay='false'  data-bg_slider='true'  data-slide_height='100'  data-handle='av_fullscreen'  data-interval='5'  data-class=''  data-extra_class=' '  data-el_id=''  data-css_id='fullscreen_slider_1'  data-scroll_down='aviaTBscroll_down'  data-control_layout='av-control-hidden'  data-custom_markup=''  data-perma_caption='aviaTBperma_caption'  data-autoplay_stopper=''  data-image_attachment=''  data-min_height='0px'  data-lazy_loading='disabled'  data-default-height='56.266666666667'  data-img_scrset=''  data-av-desktop-hide=''  data-av-medium-hide=''  data-av-small-hide=''  data-av-mini-hide='aviaTBav-mini-hide'  data-id=''  data-custom_class=''  data-template_class=''  data-av_uid='av-k9xalm6b'  data-sc_version='1.0'  data-stretch=''  data-heading_tag=''  data-heading_class=''  data-caption_override='&lt;div class=&#039;av-slideshow-caption av-k9xalm6b-09883eec12100676bd6976a1bcd41755__0 caption_fullwidth caption_bottom&#039;&gt;&lt;div class=&quot;container caption_container&quot;&gt;&lt;div class=&quot;slideshow_caption&quot;&gt;&lt;div class=&quot;slideshow_inner_caption&quot;&gt;&lt;div class=&quot;slideshow_align_caption&quot;&gt;&lt;h2 class=&#039;avia-caption-title &#039;  itemprop=&quot;name&quot; &gt;Ein OFFENER BRIEF an die \u00d6sterreichische Bundesregierung&lt;\/h2&gt;&lt;div class=&#039;avia-caption-content av_inherit_color&#039;  itemprop=&quot;description&quot; &gt;&lt;p&gt;(Webseite in Arbeit)&lt;\/p&gt;\n&lt;\/div&gt;&lt;a href=&#039;http:\/\/keinevent.at\/wp-content\/uploads\/2020\/05\/EIN-OFFENER-BRIEF-DER-EVENTBRANCHE-AN-DIE-BUNDESREGIERUNG_v3.pdf&#039;  target=&quot;_blank&quot;  rel=&quot;noopener noreferrer&quot; class=&#039;avia-slideshow-button avia-button avia-color-dark avia-multi-slideshow-button&#039; data-duration=&#039;800&#039; data-easing=&#039;easeInOutQuad&#039;&gt;Download&lt;\/a&gt;&lt;a href=&#039;mailto:mailto:office@yamyam.at&#039;  target=&quot;_blank&quot;  rel=&quot;noopener noreferrer&quot; class=&#039;avia-slideshow-button avia-button avia-color-dark avia-multi-slideshow-button avia-slideshow-button-2&#039; data-duration=&#039;800&#039; data-easing=&#039;easeInOutQuad&#039;&gt;Kontaktieren Sie uns&lt;\/a&gt;&lt;\/div&gt;&lt;\/div&gt;&lt;\/div&gt;&lt;\/div&gt;&lt;\/div&gt;'   itemprop=\"image\" itemscope=\"itemscope\" itemtype=\"https:\/\/schema.org\/ImageObject\" ><ul class='avia-slideshow-inner ' style='padding-bottom: 56.266666666667%;'><li style='background-position:top center;' data-img-url='https:\/\/keinevent.at\/wp-content\/uploads\/2020\/05\/Header-8_v1.0-1500x844.jpg' class='avia-slideshow-slide av-k9xalm6b-09883eec12100676bd6976a1bcd41755__0  av-single-slide slide-1 ' ><div data-rel='slideshow-1' class='avia-slide-wrap '   ><\/div><\/li><\/ul><div class='av-slideshow-caption av-k9xalm6b-09883eec12100676bd6976a1bcd41755__0 caption_fullwidth caption_bottom'><div class=\"container caption_container\"><div class=\"slideshow_caption\"><div class=\"slideshow_inner_caption\"><div class=\"slideshow_align_caption\"><h2 class='avia-caption-title '  itemprop=\"name\" >Ein OFFENER BRIEF an die \u00d6sterreichische Bundesregierung<\/h2><div class='avia-caption-content av_inherit_color'  itemprop=\"description\" ><p>(Webseite in Arbeit)<\/p>\n<\/div><a href='http:\/\/keinevent.at\/wp-content\/uploads\/2020\/05\/EIN-OFFENER-BRIEF-DER-EVENTBRANCHE-AN-DIE-BUNDESREGIERUNG_v3.pdf'  target=\"_blank\"  rel=\"noopener noreferrer\" class='avia-slideshow-button avia-button avia-color-dark avia-multi-slideshow-button' data-duration='800' data-easing='easeInOutQuad'>Download<\/a><a href='mailto:mailto:office@yamyam.at' target=\"_blank\" rel=\"noopener noreferrer\" class='avia-slideshow-button avia-button avia-color-dark avia-multi-slideshow-button avia-slideshow-button-2' data-duration='800' data-easing='easeInOutQuad'>Kontaktieren Sie uns<\/a><\/div><\/div><\/div><\/div><\/div><\/div><\/div><div id='after_full_slider_1'  class='main_color av_default_container_wrap container_wrap sidebar_right'  ><div class='container av-section-cont-open' ><div class='template-page content  av-content-small alpha units'><div class='post-entry post-entry-type-page post-entry-367'><div class='entry-content-wrapper clearfix'>\n\n<style type=\"text\/css\" data-created_by=\"avia_inline_auto\" id=\"style-css-av-ka9nv9tr-78df63f7a0ea62dbe93559b9a0aa4659\">\n#top .av-rotator-container.av-ka9nv9tr-78df63f7a0ea62dbe93559b9a0aa4659{\ntext-align:center;\nfont-size:7vw;\ncolor:#0673e8;\nmargin:0 0 0 0;\n}\n#top .av-rotator-container.av-ka9nv9tr-78df63f7a0ea62dbe93559b9a0aa4659 .av-rotator-container-inner{\nfont-size:7vw;\n}\n<\/style>\n<div  class='av-rotator-container av-rotation-container-center av-ka9nv9tr-78df63f7a0ea62dbe93559b9a0aa4659  avia-builder-el-1  el_after_av_fullscreen  el_before_av_hr  avia-builder-el-first  av-desktop-hide av-medium-hide av-small-hide av-after-rotation-text-active' data-interval='3' data-animation='1'><h3 class='av-rotator-container-inner'><span class='av-rotator-text av-rotator-multiline-off'>\n<span class='av-rotator-text-single av-1zjwf-68065649449e8427562c18a102a9cab4 av-rotator-text-single-1'>KEIN EVENT<\/span>\n<span class='av-rotator-text-single av-en9rj-a87a79a3b9fa159fa3c5749c6b5c13b9 av-rotator-text-single-2'>OHNE UNS<\/span>\n<\/span><\/p>\n<p>EIN OFFENER BRIEF AN DIE \u00d6STERREICHISCHE BUNDESREGIERUNG<\/h3><\/div>\n<div  class='hr av-ka9pfjux-5c00c103fc5604eadd1e80a134d33267 hr-default  avia-builder-el-2  el_after_av_headline_rotator  el_before_av_textblock  av-desktop-hide av-medium-hide av-small-hide'><span class='hr-inner '><span class=\"hr-inner-style\"><\/span><\/span><\/div>\n<section  class='av_textblock_section av-kahxt4k0-3035e8b9c9d5b04be18893fdebab628e'  itemscope=\"itemscope\" itemtype=\"https:\/\/schema.org\/CreativeWork\" ><div class='avia_textblock'  itemprop=\"text\" ><\/div><\/section>\n<div  class='av_promobox av-kahycfmp-44ba7a85966c546ed58a57a3a8bc17d1 avia-button-yes  avia-builder-el-4  el_after_av_textblock  el_before_av_hr '><div class='avia-promocontent'><\/p>\n<h3>Einladung zur virtuellen Pressekonferenz von OHNE UNS x KEIN EVENT<\/h3>\n<p>25.5.2020 | 9.30 Uhr.<\/p>\n<\/div><div  class='avia-button-wrap avia-button-right ' ><a href='https:\/\/concordia.at\/ohne-uns-x-kein-event\/?fbclid=IwAR1B-U5QZdaP0w_87CmpBTgmhskjfgE1Ftjw7LCzTRHWuS9nn0sf2zhWREY' class='avia-button av-kahycfmp-eb6bd9f1d56df9ab9ba46766d32808f3 avia-icon_select-yes-left-icon avia-size-large avia-position-right avia-color-red' target=\"_blank\" rel=\"noopener noreferrer\"><span class='avia_button_icon avia_button_icon_left' aria-hidden='true' data-av_icon='\ue81f' data-av_iconfont='entypo-fontello'><\/span><span class='avia_iconbox_title' >& Anmeldung<\/span><\/a><\/div><\/div>\n<div  class='hr av-ka9pfjux-5c00c103fc5604eadd1e80a134d33267 hr-default  avia-builder-el-5  el_after_av_promobox  el_before_av_three_fifth  av-desktop-hide av-medium-hide av-small-hide'><span class='hr-inner '><span class=\"hr-inner-style\"><\/span><\/span><\/div>\n\n<style type=\"text\/css\" data-created_by=\"avia_inline_auto\" id=\"style-css-av-9fsjb-3d7d7ed5d4c9f60e0849cc36e46f6eef\">\n.flex_column.av-9fsjb-3d7d7ed5d4c9f60e0849cc36e46f6eef{\nborder-radius:0px 0px 0px 0px;\n-webkit-border-radius:0px 0px 0px 0px;\n-moz-border-radius:0px 0px 0px 0px;\n}\n<\/style>\n<div class='flex_column av-9fsjb-3d7d7ed5d4c9f60e0849cc36e46f6eef av_three_fifth  avia-builder-el-6  el_after_av_hr  el_before_av_hr  first flex_column_div av-zero-column-padding '   ><section  id=\"Brief\"  class='av_textblock_section av-ka9mlc52-31555681de81b3f71ef30dc5afb36bad'  itemscope=\"itemscope\" itemtype=\"https:\/\/schema.org\/CreativeWork\" ><div class='avia_textblock'  itemprop=\"text\" ><h3><strong>Ein Schreiben der Eventbranche.<\/strong><\/h3>\n<h3><strong>Sehr geehrter Herr Bundeskanzler Kurz,<br \/>\n<\/strong><strong>Sehr geehrter Herr Finanzminister Bl\u00fcmel,<br \/>\nSehr geehrte Frau Bundesministerin Schramb\u00f6ck,<\/strong><\/h3>\n<h3><strong>\u00a0<\/strong><\/h3>\n<h5><strong>OHNE UNS x KEIN EVENT<\/strong><\/h5>\n<p><strong>Eine ganze Branche k\u00e4mpft ums \u00dcberleben.<\/strong><\/p>\n<p>Das Wesen unserer Branche ist es, Erlebnisse zu schaffen, unvergessliche Momente zu kreieren und eine B\u00fchne f\u00fcr unsere Kunden interdisziplin\u00e4r zu komponieren. Unsere Arbeit verl\u00e4uft still, unsichtbar und fast heimlich, im Vorfeld und hinter den Kulissen. Wir schaffen den Stimmen unserer Kunden einen Rahmen und ein Fundament, das wirkt, und nachwirkt.<\/p>\n<p>Wir selbst haben keine Stimme. Und keine Vertretung.<\/p>\n<p><strong>\u00a0<\/strong><\/p>\n<h4><strong>Wer wir sind:<\/strong><\/h4>\n<p>Die Initiativen OHNE UNS x KEIN EVENT stehen f\u00fcr die gesamte Event-, Live Marketing- und Unterhaltungsbranche \u00d6sterreichs.<\/p>\n<p>Wir sind 140.000 Menschen, die im Veranstaltungssektor arbeiten, j\u00e4hrlich eine Wertsch\u00f6pfung von 8,9 Milliarden \u20ac generieren und somit 3% des \u00f6sterreichischen BIP erwirtschaften (Quelle IHS Studie 2017).<\/p>\n<p>Zu uns geh\u00f6ren u. a. Agenturen und Unternehmen aus folgenden Bereichen:<br \/>\nEvent- und Live-Marketing, Eventproduktion, Veranstaltungstechnik \u2013 inkl. freier Ton- und LichttechnikerInnen, Mietm\u00f6belfirmen, Eventdesign, Einladungsmanagement, Event-FloristInnen, DekorateurInnen, VeranstaltungsausstatterInnen, MusikerInnen und DJs, ModeratorInnen, darstellende K\u00fcnstlerInnen aller Disziplinen, Kleink\u00fcnstler, Catering, Service-MitarbeiterInnen, Leihpersonalfirmen f\u00fcr Veranstaltungen, Digitale Projektionsk\u00fcnstlerInnen, ZeltvermieterInnen, Locationbetreiber und -vermieterInnen, PflanzenvermieterInnen, PlanzeichnerInnen, FotografenInnen, FilmemacherInnen, Wedding Planer, Druckereien, u.v.m.<\/p>\n<h4><\/h4>\n<h4><strong>Unsere Situation: First Out \u2013 Last In<\/strong><\/h4>\n<ul>\n<li>Wir waren die Ersten, die aus dem System herausgenommen wurden und werden die Letzten sein, die wieder arbeiten d\u00fcrfen.<\/li>\n<\/ul>\n<ul>\n<li>Wir haben in jedem Fall ein halbes Jahr \u201eBerufsverbot\u201c, von M\u00e4rz bis (mindestens) August 2020.<\/li>\n<\/ul>\n<ul>\n<li>Wir sind seit M\u00e4rz mit 100%igen Ausf\u00e4llen konfrontiert und haben dabei keine Chance auf Stornozahlungen.<\/li>\n<\/ul>\n<ul>\n<li>Die Buchungslage reflektiert zumindest bis Dezember 2020 einen Umsatzverlust von 100%.<\/li>\n<\/ul>\n<ul>\n<li>Wir haben aufgrund der Null-Perspektive und der Verunsicherung unserer KundInnen aktuell und bis auf weiteres keine Chance, New Business zu generieren.<\/li>\n<\/ul>\n<ul>\n<li>Wir haben aufgrund unserer Niederlassungen, Ateliers, Werkst\u00e4tten, Lager, Fuhrparks, IT-Systemen, Technik, Locations, Versicherungen und unseres Personals ein sehr hohes Aufkommen an Fixkosten, welche Null-Umsatz gegen\u00fcberstehen.<\/li>\n<\/ul>\n<ul>\n<li>Der H\u00e4rtefallfond, die Corona-Hilfs-Fonds sowie Fixkostenzusch\u00fcsse gelten nur bis Mitte Juni, die Kurzarbeit bis September. Das mag ausreichend sein f\u00fcr Unternehmen, die ab Anfang Mai wieder ihre Arbeit aufnehmen k\u00f6nnen, ist aber definitiv keine Option f\u00fcr eine ganze Branche, der derzeit keine Perspektive gegeben wird und die daher einem 100%igen Umsatzausfall entgegenblickt.<\/li>\n<\/ul>\n<h2><\/h2>\n<h4><strong>Was wir brauchen um zu \u00fcberleben:<\/strong><\/h4>\n<ol>\n<li>Die Ausweitung der Kurzarbeitsregelungen f\u00fcr unsere Branche, bis wir unsere Arbeit wieder zu 100% aufnehmen d\u00fcrfen.<\/li>\n<\/ol>\n<ol start=\"2\">\n<li>Die Ausweitung des Corona-Hilfsfonds und der Fixkostenzusch\u00fcsse, bis wir unsere Arbeit wieder zu 100% aufnehmen d\u00fcrfen. D. h. eine Unterst\u00fctzungszusage f\u00fcr den vollen Zeitraum, bis Projekte und Budgets wieder umgesetzt und abgerechnet werden k\u00f6nnen.Ums\u00e4tze\/Eing\u00e4nge von bereits get\u00e4tigten Leistungen vor 16. M\u00e4rz 2020, inkl. etwaiger Abschlagszahlungen f\u00fcr konzeptive und vorbereitende T\u00e4tigkeiten stornierter Veranstaltungen, sowie Vorarbeiten f\u00fcr Veranstaltungen nach Wieder\u00f6ffnung (Stichtag nach finalem Erlass festzusetzen) werden nicht als Bewertungsbasis f\u00fcr Hilfszahlungen und Zusch\u00fcsse herangezogen bzw. gegengerechnet.<\/li>\n<\/ol>\n<ol start=\"3\">\n<li>Einen staatlich getragenen \u201ek\u00fcnstlichen Tiefschlaf\u201c unserer Branche, da wir auch nach Aufhebung der Ma\u00dfnahmen eine lange Vorlaufzeit haben, bis wir unsere Leistungen wieder umsetzen k\u00f6nnen. So werden unsere Fixkosten maximal reduziert, um unsere Liquidit\u00e4t zu halten und unseren Neustart bzw. unser \u00dcberleben zu sichern.<\/li>\n<\/ol>\n<ol start=\"4\">\n<li>Einen kurzfristigen Runden Tisch mit VertreterInnen der Beh\u00f6rden und Politik, sowie unserer Branche \u2013 inkl. Repr\u00e4sentantInnen der dieses Schreiben zeichnenden Initiativen. An diesem wird f\u00fcr unsere Branche sowie f\u00fcr die \u00f6sterreichische Bev\u00f6lkerung und somit f\u00fcr unsere KundInnen, G\u00e4ste und TeilnehmerInnen (aus In- und Ausland) erarbeitet, wie und wann eine Wieder\u00f6ffnung und ein Neustart der Veranstaltungswelt stattfinden kann. Unter Einhaltung aller notwendigen Ma\u00dfnahmen genauso wie mit dem Ziel, die Totalsch\u00e4den unserer Branche m\u00f6glichst gering zu halten.<\/li>\n<\/ol>\n<p>Wir wollen die Zukunft anschlussf\u00e4hig erleben, damit wir weiterhin unseren Wertsch\u00f6pfungsbeitrag von j\u00e4hrlich fast 9 Milliarden \u20ac f\u00fcr \u00d6sterreich leisten k\u00f6nnen. Und weil unsere Branche mehr denn je wesentlicher Raum und Hebel f\u00fcr Begegnung, Austausch, gemeinsame Wirkungskraft und Zuversicht sein wird. Und ein wesentliches Signal daf\u00fcr, dass es nicht mehr nur ums \u00dcberleben, sondern auch wieder ums Leben geht.<\/p>\n<p>Wir freuen uns auf die Gespr\u00e4che mit Ihnen.<\/p>\n<p>Hochachtungsvoll,<\/p>\n<p>Maryam Yeganehfar, in Vertretung f\u00fcr die Initiative \u201eKEIN EVENT\u201c<br \/>\n<a href=\"mailto:maryam@yamyam.at\">maryam@yamyam.at<\/a><\/p>\n<p>Philipp Cejnek, in Vertretung f\u00fcr die Initiative \u201eOHNE UNS\u201c<\/p>\n<h2><\/h2>\n<h4><strong>Initiative KEIN EVENT<\/strong><\/h4>\n<table style=\"width: 661px;\" width=\"551\">\n<tbody>\n<tr>\n<td width=\"87\">Maryam<\/td>\n<td width=\"151\">Yeganehfar<\/td>\n<td width=\"313\">yamyam event production GmbH<\/td>\n<\/tr>\n<tr>\n<td width=\"87\">Stephanie<\/td>\n<td width=\"151\">Galla<\/td>\n<td width=\"313\">yamyam event production GmbH<\/td>\n<\/tr>\n<tr>\n<td width=\"87\">Daniela<\/td>\n<td width=\"151\">M\u00fchlburger<\/td>\n<td width=\"313\">yamyam event production GmbH<\/td>\n<\/tr>\n<tr>\n<td width=\"87\">Claudia<\/td>\n<td width=\"151\">Spitz<\/td>\n<td width=\"313\">Events by Spitz<\/td>\n<\/tr>\n<tr>\n<td width=\"87\">Marcus<\/td>\n<td width=\"151\">Wild<\/td>\n<td width=\"313\">Ideal Live Marketing<\/td>\n<\/tr>\n<tr>\n<td width=\"87\">Alexander<\/td>\n<td width=\"151\">Knechtsberger<\/td>\n<td width=\"313\">DocLX Holding GmbH<\/td>\n<\/tr>\n<tr>\n<td width=\"87\">Vince<\/td>\n<td width=\"151\">Weissbacher<\/td>\n<td width=\"313\">a\/fund<\/td>\n<\/tr>\n<tr>\n<td width=\"87\">Gerhard<\/td>\n<td width=\"151\">Huber<\/td>\n<td width=\"313\">Easystaff human &amp; resources GmbH<\/td>\n<\/tr>\n<tr>\n<td width=\"87\">Hannes<\/td>\n<td width=\"151\">Hruby<\/td>\n<td width=\"313\">ANTRIB Produktions GmbH<\/td>\n<\/tr>\n<tr>\n<td width=\"87\">Andreas<\/td>\n<td width=\"151\">Tribuser<\/td>\n<td width=\"313\">ANTRIB Produktions GmbH<\/td>\n<\/tr>\n<tr>\n<td width=\"87\">Andreas<\/td>\n<td width=\"151\">Holzmann<\/td>\n<td width=\"313\">Decotime GmbH<\/td>\n<\/tr>\n<tr>\n<td width=\"87\">Martin<\/td>\n<td width=\"151\">Hofmann<\/td>\n<td width=\"313\">Eventwide Wien<\/td>\n<\/tr>\n<tr>\n<td width=\"87\">Romi<\/td>\n<td width=\"151\">Piza<\/td>\n<td width=\"313\">Eventwide Wien<\/td>\n<\/tr>\n<tr>\n<td width=\"87\">Martin<\/td>\n<td width=\"151\">Mikl<\/td>\n<td width=\"313\">Unger Company Veranstaltungsservice GmbH<\/td>\n<\/tr>\n<tr>\n<td width=\"87\">Thomas<\/td>\n<td width=\"151\">Berlheim<\/td>\n<td width=\"313\">Mietm\u00f6bel F\u00f6hr GesmbH<\/td>\n<\/tr>\n<tr>\n<td width=\"87\">Ernst<\/td>\n<td width=\"151\">Flauger<\/td>\n<td width=\"313\">die mietbar \u2013 Flauger GmbH<\/td>\n<\/tr>\n<tr>\n<td width=\"87\">Markus<\/td>\n<td width=\"151\">Krenauer<\/td>\n<td width=\"313\">die mietbar \u2013 Flauger GmbH<\/td>\n<\/tr>\n<tr>\n<td width=\"87\">Emil<\/td>\n<td width=\"151\">Doll<\/td>\n<td width=\"313\">Doll&#8217;s Blumen<\/td>\n<\/tr>\n<tr>\n<td width=\"87\">Andreas<\/td>\n<td width=\"151\">Bamesberger<\/td>\n<td width=\"313\">Zweigstelle \u2013 Andreas Bamesberger e.U.<\/td>\n<\/tr>\n<tr>\n<td width=\"87\">Markus<\/td>\n<td width=\"151\">Donati<\/td>\n<td width=\"313\">Donati \u2013 Experten f\u00fcr Floristik und Garten<\/td>\n<\/tr>\n<tr>\n<td width=\"87\">Natascha<\/td>\n<td width=\"151\">Unkart<\/td>\n<td width=\"313\">Belle &amp; Sass Photography OG<\/td>\n<\/tr>\n<tr>\n<td width=\"87\">Isabelle<\/td>\n<td width=\"151\">K\u00f6hler<\/td>\n<td width=\"313\">Belle &amp; Sass Photography OG<\/td>\n<\/tr>\n<tr>\n<td width=\"87\">John<\/td>\n<td width=\"151\">Eleazar<\/td>\n<td width=\"313\">Eleazar Film Production e.U.<\/td>\n<\/tr>\n<tr>\n<td width=\"87\">Marijo<\/td>\n<td width=\"151\">Eleazar<\/td>\n<td width=\"313\">Eleazar Film Production e.U.<\/td>\n<\/tr>\n<tr>\n<td width=\"87\">Henri<\/td>\n<td width=\"151\">Abued<\/td>\n<td width=\"313\">Manzano Images<\/td>\n<\/tr>\n<tr>\n<td width=\"87\">Nikolaus<\/td>\n<td width=\"151\">Demblin<\/td>\n<td width=\"313\">Phoenix-Events e.U.<\/td>\n<\/tr>\n<tr>\n<td width=\"87\">Florian<\/td>\n<td width=\"151\">Heiller<\/td>\n<td width=\"313\">Phoenix-Events e.U.<\/td>\n<\/tr>\n<tr>\n<td width=\"87\">Stefan<\/td>\n<td width=\"151\">Wittmann<\/td>\n<td width=\"313\">Phoenix-Events e.U.<\/td>\n<\/tr>\n<tr>\n<td width=\"87\">Florian<\/td>\n<td width=\"151\">Weber<\/td>\n<td width=\"313\">Concept Solutions Veranstaltungstechnik GmbH<\/td>\n<\/tr>\n<tr>\n<td width=\"87\">Dominika<\/td>\n<td width=\"151\">Gschmeidler<\/td>\n<td width=\"313\">Motto Catering GmbH<\/td>\n<\/tr>\n<tr>\n<td width=\"87\">Bernd<\/td>\n<td width=\"151\">Schlacher<\/td>\n<td width=\"313\">Motto Group<\/td>\n<\/tr>\n<tr>\n<td width=\"87\">Michael<\/td>\n<td width=\"151\">Hailer<\/td>\n<td width=\"313\">DO &amp; CO \u2013 The Gourmet Entertainment Company<\/td>\n<\/tr>\n<tr>\n<td width=\"87\">Andreas<\/td>\n<td width=\"151\">Fuith<\/td>\n<td width=\"313\">Fuith &amp; Mark &#8211; Die Festwirte GmbH<\/td>\n<\/tr>\n<tr>\n<td width=\"87\">Philipp<\/td>\n<td width=\"151\">Keller<\/td>\n<td width=\"313\">any.act event und gastro GmbH<\/td>\n<\/tr>\n<tr>\n<td width=\"87\">Richard<\/td>\n<td width=\"151\">Matthes<\/td>\n<td width=\"313\">A1-Zelte GmbH<\/td>\n<\/tr>\n<tr>\n<td width=\"87\">Dieter<\/td>\n<td width=\"151\">Kammerhofer<\/td>\n<td width=\"313\">Kammerhofer GmbH<\/td>\n<\/tr>\n<tr>\n<td width=\"87\">Johannes<\/td>\n<td width=\"151\">Menneweger<\/td>\n<td width=\"313\">Modulux<\/td>\n<\/tr>\n<tr>\n<td width=\"87\">Sonja<\/td>\n<td width=\"151\">Kato-Mailath-Pokorny<\/td>\n<td width=\"313\">Unikato communication &amp; coaching<\/td>\n<\/tr>\n<tr>\n<td width=\"87\">Clemens<\/td>\n<td width=\"151\">Schaller<\/td>\n<td width=\"313\">Musiker<\/td>\n<\/tr>\n<tr>\n<td width=\"87\">Ingrid<\/td>\n<td width=\"151\">Diem<\/td>\n<td width=\"313\">S\u00e4ngerin<\/td>\n<\/tr>\n<tr>\n<td width=\"87\">Steve<\/td>\n<td width=\"151\">Nick<\/td>\n<td width=\"313\">DJ<\/td>\n<\/tr>\n<tr>\n<td width=\"87\">Sebastian<\/td>\n<td width=\"151\">Grimus<\/td>\n<td width=\"313\">Musiker<\/td>\n<\/tr>\n<tr>\n<td width=\"87\">Carl<\/td>\n<td width=\"151\">Avory<\/td>\n<td width=\"313\">Musiker<\/td>\n<\/tr>\n<tr>\n<td width=\"87\">Susanne<\/td>\n<td width=\"151\">Siokola-Tomandl<\/td>\n<td width=\"313\">S.H.K Eventmanagement<\/td>\n<\/tr>\n<tr>\n<td width=\"87\">Georg<\/td>\n<td width=\"151\">Weilguny<\/td>\n<td width=\"313\">Musiker<\/td>\n<\/tr>\n<\/tbody>\n<\/table>\n<\/div><\/section><\/div><div  class='hr av-gr0m7-9d31781161ac51298ed3b407591265f0 hr-default  avia-builder-el-8  el_after_av_three_fifth  el_before_av_heading '><span class='hr-inner '><span class=\"hr-inner-style\"><\/span><\/span><\/div><\/p>\n\n<style type=\"text\/css\" data-created_by=\"avia_inline_auto\" id=\"style-css-av-av_heading-7c6cb39aa76cb691d58d049491e555b1\">\n#top .av-special-heading.av-av_heading-7c6cb39aa76cb691d58d049491e555b1{\npadding-bottom:10px;\n}\nbody .av-special-heading.av-av_heading-7c6cb39aa76cb691d58d049491e555b1 .av-special-heading-tag .heading-char{\nfont-size:25px;\n}\n.av-special-heading.av-av_heading-7c6cb39aa76cb691d58d049491e555b1 .av-subheading{\nfont-size:15px;\n}\n<\/style>\n<div  id=\"News\"  class='av-special-heading av-av_heading-7c6cb39aa76cb691d58d049491e555b1 av-special-heading-h2 blockquote modern-quote modern-centered  avia-builder-el-9  el_after_av_hr  el_before_av_codeblock  av-linked-heading'><h2 class='av-special-heading-tag'  itemprop=\"headline\"  >Unsere j\u00fcngsten Aktivit\u00e4ten<\/h2><div class=\"special-heading-border\"><div class=\"special-heading-inner-border\"><\/div><\/div><\/div>\n\n<div  class='hr av-gr0m7-9d31781161ac51298ed3b407591265f0 hr-default  avia-builder-el-11  el_after_av_codeblock  el_before_av_textblock '><span class='hr-inner '><span class=\"hr-inner-style\"><\/span><\/span><\/div>\n\n<style type=\"text\/css\" data-created_by=\"avia_inline_auto\" id=\"style-css-av-k9y0mww8-48aa92f88e8b5a1a90ba4073c5c668ed\">\n#top .av_textblock_section.av-k9y0mww8-48aa92f88e8b5a1a90ba4073c5c668ed .avia_textblock{\ncolor:#000000;\n}\n<\/style>\n<section  id=\"Impressum\"  class='av_textblock_section av-k9y0mww8-48aa92f88e8b5a1a90ba4073c5c668ed'  itemscope=\"itemscope\" itemtype=\"https:\/\/schema.org\/CreativeWork\" ><div class='avia_textblock av_inherit_color'  itemprop=\"text\" ><p style=\"text-align: center;\">Kein Event ist eine \u00fcberparteiliche Initiative der Event-, Live Marketing- und Unterhaltungsbranche \u00d6sterreichs.<\/p>\n<p style=\"text-align: center;\">Repr\u00e4sentiert und Vertreten durch: <strong>Maryam Yeganehfar<\/strong>, <a href=\"mailto:office@yamyam.at\">office@yamyam.at<\/a><\/p>\n<\/div><\/section>\n<div  class='hr av-10m6n-b1629a269a0f57ad5d9dc7025f7af119 hr-default  avia-builder-el-13  el_after_av_textblock  el_before_av_textblock '><span class='hr-inner '><span class=\"hr-inner-style\"><\/span><\/span><\/div>\n\n<style type=\"text\/css\" data-created_by=\"avia_inline_auto\" id=\"style-css-av-k9y0mww8-956d13d96d12c02dcbb9bae9c2362364\">\n#top .av_textblock_section.av-k9y0mww8-956d13d96d12c02dcbb9bae9c2362364 .avia_textblock{\ncolor:#000000;\n}\n<\/style>\n<section  class='av_textblock_section av-k9y0mww8-956d13d96d12c02dcbb9bae9c2362364'  itemscope=\"itemscope\" itemtype=\"https:\/\/schema.org\/CreativeWork\" ><div class='avia_textblock av_inherit_color'  itemprop=\"text\" ><p>HAFTUNGSAUSSCHLUSS:<br \/>\nTrotz inhaltlicher Kontrolle wird keine Haftung f\u00fcr die Inhalte externer Links \u00dcbernommen. F\u00fcr den Inhalt der verlinkten Seiten sind ausschlie\u00dflich deren Betreiber verantwortlich.<\/p>\n<p>\u00a9 Copyright 2020 a\/fund &#8211; Vinzenz Weissbacher.<br \/>\nAlle Rechte vorbehalten.<\/p>\n<p>a\/fund &#8211; Vinzenz Weissbacher (EPU)<br \/>\nwww.afund.at \/ Lange Gasse 39\/17, 1080 Wien<\/p>\n<p style=\"text-align: center;\">\n<\/div><\/section>\n","protected":false},"excerpt":{"rendered":"<p>OHNE UNS x KEIN EVENT<\/p>\n<p>Eine ganze Branche k\u00e4mpft ums \u00dcberleben.<\/p>\n<p>Das Wesen unserer Branche ist es, Erlebnisse zu schaffen, unvergessliche Momente zu kreieren und eine B\u00fchne f\u00fcr unsere Kunden interdisziplin\u00e4r zu komponieren. Unsere Arbeit verl\u00e4uft still, unsichtbar und fast heimlich, im Vorfeld und hinter den Kulissen. Wir schaffen den Stimmen unserer Kunden einen Rahmen und ein Fundament, das wirkt, und nachwirkt.<\/p>\n<p>Wir selbst haben keine Stimme. Und keine Vertretung.<\/p>\n","protected":false},"author":2,"featured_media":569,"parent":0,"menu_order":0,"comment_status":"open","ping_status":"open","template":"","meta":[],"_links":{"self":[{"href":"https:\/\/keinevent.at\/index.php?rest_route=\/wp\/v2\/pages\/367"}],"collection":[{"href":"https:\/\/keinevent.at\/index.php?rest_route=\/wp\/v2\/pages"}],"about":[{"href":"https:\/\/keinevent.at\/index.php?rest_route=\/wp\/v2\/types\/page"}],"author":[{"embeddable":true,"href":"https:\/\/keinevent.at\/index.php?rest_route=\/wp\/v2\/users\/2"}],"replies":[{"embeddable":true,"href":"https:\/\/keinevent.at\/index.php?rest_route=%2Fwp%2Fv2%2Fcomments&post=367"}],"version-history":[{"count":95,"href":"https:\/\/keinevent.at\/index.php?rest_route=\/wp\/v2\/pages\/367\/revisions"}],"predecessor-version":[{"id":652,"href":"https:\/\/keinevent.at\/index.php?rest_route=\/wp\/v2\/pages\/367\/revisions\/652"}],"wp:featuredmedia":[{"embeddable":true,"href":"https:\/\/keinevent.at\/index.php?rest_route=\/wp\/v2\/media\/569"}],"wp:attachment":[{"href":"https:\/\/keinevent.at\/index.php?rest_route=%2Fwp%2Fv2%2Fmedia&parent=367"}],"curies":[{"name":"wp","href":"https:\/\/api.w.org\/{rel}","templated":true}]}}